{"id":14,"date":"2023-08-18T14:47:02","date_gmt":"2023-08-18T14:47:02","guid":{"rendered":"https:\/\/royalvalley.ro\/?page_id=14"},"modified":"2023-10-09T07:23:53","modified_gmt":"2023-10-09T07:23:53","slug":"despre-noi","status":"publish","type":"page","link":"https:\/\/royalvalley.ro\/index.php\/despre-noi\/","title":{"rendered":"Despre noi"},"content":{"rendered":"<section class=\"wpb-content-wrapper\"><p>[vc_row][vc_column offset=&#8221;vc_hidden-lg vc_hidden-md vc_hidden-sm&#8221;][vc_column_text]<\/p>\n<h1>Despre noi<\/h1>\n<p>[\/vc_column_text][vc_column_text]<\/p>\n<h2><span style=\"font-weight: 400;\">Mai mult dec\u00e2t simple locuin\u021be\u2026<\/span><\/h2>\n<p><span style=\"font-weight: 400;\">Royal Valley reprezint\u0103 pentru noi o misiune curajoas\u0103 de a forma o comunitate distinctiv\u0103 \u00een Rom\u00e2nia care s\u0103 aib\u0103 parte de o locuire de calitate: vecini, natur\u0103, facilit\u0103\u021bi. \u00cen cei 13 ani de experien\u021b\u0103 \u00een domeniul construc\u021biilor, am investit toat\u0103 pasiunea noastr\u0103 pentru a construi mai mult dec\u00e2t ni\u0219te simple locuin\u021be. Astfel, am dezvoltat dou\u0103 tipuri de duplexuri cu aten\u021bie la fiecare aspect al acestui complex reziden\u021bial, ca tu s\u0103 po\u021bi reg\u0103si libertatea de a tr\u0103i \u0219i a prospera \u00een propriul t\u0103u ritm. \u00cen ace\u0219ti ani, am \u00eenv\u0103\u021bat c\u0103 locuin\u021bele sunt mai mult dec\u00e2t simpli pere\u021bi &#8211; ele sunt r\u0103s\u0103ritul fiec\u0103rei zile \u0219i amurgul fiec\u0103rei nop\u021bi.<\/span>[\/vc_column_text][vc_column_text]<\/p>\n<h2><span style=\"font-weight: 400;\">Despre viitorul t\u0103u c\u0103min\u2026<\/span><\/h2>\n<p><span style=\"font-weight: 400;\">Royal Valley nu este doar un loc, ci o experien\u021b\u0103 de trai rafinat\u0103. \u00cenconjurat de natur\u0103, inspirat de design cu aspect urban \u0219i sprijinit de o comunitate plin\u0103 de energie, vei g\u0103si aici spa\u021biul \u00een care s\u0103-\u021bi construie\u0219ti povestea ta. Moderne, spa\u021bioase \u0219i atent structurate, casele din Royal Valley sunt formate din parter \u0219i etaj \u0219i \u00eencorporeaz\u0103 cele mai bune materiale \u0219i tehnologii moderne.<\/span>[\/vc_column_text][vc_single_image image=&#8221;29&#8243; img_size=&#8221;full&#8221;]<div class=\"basel-button-wrapper text-left\"><a href=\"https:\/\/royalvalley.ro\/index.php\/duplex-tip1\/\" title=\"Duplex tip 1\" class=\"btn btn-color-primary btn-style-default btn-size-extra-large\">Vezi proiecte<\/a><\/div>[\/vc_column][\/vc_row][vc_row][vc_column offset=&#8221;vc_hidden-xs&#8221;][vc_column_text]<\/p>\n<h1>Despre noi<\/h1>\n<p>[\/vc_column_text][\/vc_column][\/vc_row][vc_row css=&#8221;.vc_custom_1692979164136{padding-right: 41px !important;padding-left: 41px !important;}&#8221;][vc_column width=&#8221;1\/4&#8243;][\/vc_column][vc_column width=&#8221;3\/4&#8243; offset=&#8221;vc_hidden-xs&#8221;][vc_column_text]<\/p>\n<h1 style=\"text-align: left;\"><span style=\"color: #c2c2c2; font-size: 88px;\">-01 <\/span><\/h1>\n<p>[\/vc_column_text][vc_column_text css=&#8221;.vc_custom_1692979315075{padding-left: 40px !important;}&#8221;]<\/p>\n<h2><span style=\"font-weight: 400;\">Mai mult dec\u00e2t simple locuin\u021be\u2026<\/span><\/h2>\n<p><span style=\"font-weight: 400;\">Royal Valley reprezint\u0103 pentru noi o misiune curajoas\u0103 de a forma o comunitate distinctiv\u0103 \u00een Rom\u00e2nia care s\u0103 aib\u0103 parte de o locuire de calitate: vecini, natur\u0103, facilit\u0103\u021bi. \u00cen cei 13 ani de experien\u021b\u0103 \u00een domeniul construc\u021biilor, am investit toat\u0103 pasiunea noastr\u0103 pentru a construi mai mult dec\u00e2t ni\u0219te simple locuin\u021be. Astfel, am dezvoltat dou\u0103 tipuri de duplexuri cu aten\u021bie la fiecare aspect al acestui complex reziden\u021bial, ca tu s\u0103 po\u021bi reg\u0103si libertatea de a tr\u0103i \u0219i a prospera \u00een propriul t\u0103u ritm. \u00cen ace\u0219ti ani, am \u00eenv\u0103\u021bat c\u0103 locuin\u021bele sunt mai mult dec\u00e2t simpli pere\u021bi &#8211; ele sunt r\u0103s\u0103ritul fiec\u0103rei zile \u0219i amurgul fiec\u0103rei nop\u021bi.<\/span>[\/vc_column_text][vc_empty_space height=&#8221;64px&#8221;][vc_column_text]<\/p>\n<h1 style=\"text-align: left;\"><span style=\"color: #c2c2c2; font-size: 88px;\">-02 <\/span><\/h1>\n<p>[\/vc_column_text][vc_column_text css=&#8221;.vc_custom_1692979324296{padding-left: 40px !important;}&#8221;]<\/p>\n<h2><span style=\"font-weight: 400;\">Despre viitorul t\u0103u c\u0103min\u2026<\/span><\/h2>\n<p><span style=\"font-weight: 400;\">Royal Valley nu este doar un loc, ci o experien\u021b\u0103 de trai rafinat\u0103. \u00cenconjurat de natur\u0103, inspirat de design cu aspect urban \u0219i sprijinit de o comunitate plin\u0103 de energie, vei g\u0103si aici spa\u021biul \u00een care s\u0103-\u021bi construie\u0219ti povestea ta. Moderne, spa\u021bioase \u0219i atent structurate, casele din Royal Valley sunt formate din parter \u0219i etaj \u0219i \u00eencorporeaz\u0103 cele mai bune materiale \u0219i tehnologii moderne.<\/span>[\/vc_column_text][vc_empty_space][\/vc_column][\/vc_row][vc_row][vc_column offset=&#8221;vc_hidden-xs&#8221;][vc_empty_space][\/vc_column][\/vc_row][vc_row css=&#8221;.vc_custom_1692979334546{padding-right: 41px !important;padding-left: 41px !important;}&#8221;][vc_column width=&#8221;1\/2&#8243; offset=&#8221;vc_hidden-xs&#8221;][vc_empty_space height=&#8221;64px&#8221;][vc_column_text]<\/p>\n<h2 style=\"text-align: right;\">\u0218apte vile tip duplex, caracterizate de o arhitectur\u0103 modern\u0103, plasate strategic astfel \u00eenc\u00e2t s\u0103 profite la maxim de lumina natural\u0103. Materialele de finisaj selectate pentru acest proiect sunt de cea mai \u00eenalt\u0103 calitate.<\/h2>\n<p>[\/vc_column_text]<div class=\"basel-button-wrapper text-right\"><a href=\"https:\/\/royalvalley.ro\/index.php\/duplex-tip1\/\" title=\"Duplex tip 1\" class=\"btn btn-color-primary btn-style-default btn-size-extra-large\">Vezi proiecte<\/a><\/div>[\/vc_column][vc_column width=&#8221;1\/2&#8243; offset=&#8221;vc_hidden-xs&#8221;][vc_single_image image=&#8221;29&#8243; img_size=&#8221;full&#8221;][\/vc_column][\/vc_row][vc_row][vc_column offset=&#8221;vc_hidden-xs&#8221;][vc_empty_space height=&#8221;64px&#8221;][vc_column_text]<\/p>\n<h2 style=\"text-align: center;\">Te invit\u0103m s\u0103 descoperi bucuria unei vie\u021bi \u00een echilibru, \u00eentr-un c\u0103min g\u00e2ndit pentru tine.<\/h2>\n<p>[\/vc_column_text]<div class=\"basel-button-wrapper text-center\"><a  class=\"btn btn-color-black btn-style-bordered btn-size-extra-large\">Contact<\/a><\/div>[vc_empty_space height=&#8221;64px&#8221;][\/vc_column][\/vc_row]<\/p>\n<\/section>","protected":false},"excerpt":{"rendered":"<p>[vc_row][vc_column offset=&#8221;vc_hidden-lg vc_hidden-md vc_hidden-sm&#8221;][vc_column_text] Despre noi [\/vc_column_text][vc_column_text] Mai mult dec\u00e2t simple locuin\u021be\u2026 Royal Valley reprezint\u0103 pentru noi o misiune curajoas\u0103<\/p>\n","protected":false},"author":1,"featured_media":0,"parent":0,"menu_order":0,"comment_status":"closed","ping_status":"closed","template":"","meta":{"_monsterinsights_skip_tracking":false,"_monsterinsights_sitenote_active":false,"_monsterinsights_sitenote_note":"","_monsterinsights_sitenote_category":0,"footnotes":""},"class_list":["post-14","page","type-page","status-publish","hentry"],"yoast_head":"<!-- This site is optimized with the Yoast SEO plugin v25.4 - https:\/\/yoast.com\/wordpress\/plugins\/seo\/ -->\n<title>Despre noi - royalvalley<\/title>\n<meta name=\"robots\" content=\"index, follow, max-snippet:-1, max-image-preview:large, max-video-preview:-1\" \/>\n<link rel=\"canonical\" href=\"https:\/\/royalvalley.ro\/index.php\/despre-noi\/\" \/>\n<meta property=\"og:locale\" content=\"ro_RO\" \/>\n<meta property=\"og:type\" content=\"article\" \/>\n<meta property=\"og:title\" content=\"Despre noi - royalvalley\" \/>\n<meta property=\"og:description\" content=\"[vc_row][vc_column offset=&#8221;vc_hidden-lg vc_hidden-md vc_hidden-sm&#8221;][vc_column_text] Despre noi [\/vc_column_text][vc_column_text] Mai mult dec\u00e2t simple locuin\u021be\u2026 Royal Valley reprezint\u0103 pentru noi o misiune curajoas\u0103\" \/>\n<meta property=\"og:url\" content=\"https:\/\/royalvalley.ro\/index.php\/despre-noi\/\" \/>\n<meta property=\"og:site_name\" content=\"royalvalley\" \/>\n<meta property=\"article:modified_time\" content=\"2023-10-09T07:23:53+00:00\" \/>\n<meta name=\"twitter:card\" content=\"summary_large_image\" \/>\n<meta name=\"twitter:label1\" content=\"Timp estimat pentru citire\" \/>\n\t<meta name=\"twitter:data1\" content=\"3 minute\" \/>\n<script type=\"application\/ld+json\" class=\"yoast-schema-graph\">{\"@context\":\"https:\/\/schema.org\",\"@graph\":[{\"@type\":\"WebPage\",\"@id\":\"https:\/\/royalvalley.ro\/index.php\/despre-noi\/\",\"url\":\"https:\/\/royalvalley.ro\/index.php\/despre-noi\/\",\"name\":\"Despre noi - royalvalley\",\"isPartOf\":{\"@id\":\"https:\/\/royalvalley.ro\/#website\"},\"datePublished\":\"2023-08-18T14:47:02+00:00\",\"dateModified\":\"2023-10-09T07:23:53+00:00\",\"breadcrumb\":{\"@id\":\"https:\/\/royalvalley.ro\/index.php\/despre-noi\/#breadcrumb\"},\"inLanguage\":\"ro-RO\",\"potentialAction\":[{\"@type\":\"ReadAction\",\"target\":[\"https:\/\/royalvalley.ro\/index.php\/despre-noi\/\"]}]},{\"@type\":\"BreadcrumbList\",\"@id\":\"https:\/\/royalvalley.ro\/index.php\/despre-noi\/#breadcrumb\",\"itemListElement\":[{\"@type\":\"ListItem\",\"position\":1,\"name\":\"Prima pagin\u0103\",\"item\":\"https:\/\/royalvalley.ro\/\"},{\"@type\":\"ListItem\",\"position\":2,\"name\":\"Despre noi\"}]},{\"@type\":\"WebSite\",\"@id\":\"https:\/\/royalvalley.ro\/#website\",\"url\":\"https:\/\/royalvalley.ro\/\",\"name\":\"royalvalley\",\"description\":\"\",\"potentialAction\":[{\"@type\":\"SearchAction\",\"target\":{\"@type\":\"EntryPoint\",\"urlTemplate\":\"https:\/\/royalvalley.ro\/?s={search_term_string}\"},\"query-input\":{\"@type\":\"PropertyValueSpecification\",\"valueRequired\":true,\"valueName\":\"search_term_string\"}}],\"inLanguage\":\"ro-RO\"}]}<\/script>\n<!-- \/ Yoast SEO plugin. -->","yoast_head_json":{"title":"Despre noi - royalvalley","robots":{"index":"index","follow":"follow","max-snippet":"max-snippet:-1","max-image-preview":"max-image-preview:large","max-video-preview":"max-video-preview:-1"},"canonical":"https:\/\/royalvalley.ro\/index.php\/despre-noi\/","og_locale":"ro_RO","og_type":"article","og_title":"Despre noi - royalvalley","og_description":"[vc_row][vc_column offset=&#8221;vc_hidden-lg vc_hidden-md vc_hidden-sm&#8221;][vc_column_text] Despre noi [\/vc_column_text][vc_column_text] Mai mult dec\u00e2t simple locuin\u021be\u2026 Royal Valley reprezint\u0103 pentru noi o misiune curajoas\u0103","og_url":"https:\/\/royalvalley.ro\/index.php\/despre-noi\/","og_site_name":"royalvalley","article_modified_time":"2023-10-09T07:23:53+00:00","twitter_card":"summary_large_image","twitter_misc":{"Timp estimat pentru citire":"3 minute"},"schema":{"@context":"https:\/\/schema.org","@graph":[{"@type":"WebPage","@id":"https:\/\/royalvalley.ro\/index.php\/despre-noi\/","url":"https:\/\/royalvalley.ro\/index.php\/despre-noi\/","name":"Despre noi - royalvalley","isPartOf":{"@id":"https:\/\/royalvalley.ro\/#website"},"datePublished":"2023-08-18T14:47:02+00:00","dateModified":"2023-10-09T07:23:53+00:00","breadcrumb":{"@id":"https:\/\/royalvalley.ro\/index.php\/despre-noi\/#breadcrumb"},"inLanguage":"ro-RO","potentialAction":[{"@type":"ReadAction","target":["https:\/\/royalvalley.ro\/index.php\/despre-noi\/"]}]},{"@type":"BreadcrumbList","@id":"https:\/\/royalvalley.ro\/index.php\/despre-noi\/#breadcrumb","itemListElement":[{"@type":"ListItem","position":1,"name":"Prima pagin\u0103","item":"https:\/\/royalvalley.ro\/"},{"@type":"ListItem","position":2,"name":"Despre noi"}]},{"@type":"WebSite","@id":"https:\/\/royalvalley.ro\/#website","url":"https:\/\/royalvalley.ro\/","name":"royalvalley","description":"","potentialAction":[{"@type":"SearchAction","target":{"@type":"EntryPoint","urlTemplate":"https:\/\/royalvalley.ro\/?s={search_term_string}"},"query-input":{"@type":"PropertyValueSpecification","valueRequired":true,"valueName":"search_term_string"}}],"inLanguage":"ro-RO"}]}},"_links":{"self":[{"href":"https:\/\/royalvalley.ro\/index.php\/wp-json\/wp\/v2\/pages\/14","targetHints":{"allow":["GET"]}}],"collection":[{"href":"https:\/\/royalvalley.ro\/index.php\/wp-json\/wp\/v2\/pages"}],"about":[{"href":"https:\/\/royalvalley.ro\/index.php\/wp-json\/wp\/v2\/types\/page"}],"author":[{"embeddable":true,"href":"https:\/\/royalvalley.ro\/index.php\/wp-json\/wp\/v2\/users\/1"}],"replies":[{"embeddable":true,"href":"https:\/\/royalvalley.ro\/index.php\/wp-json\/wp\/v2\/comments?post=14"}],"version-history":[{"count":18,"href":"https:\/\/royalvalley.ro\/index.php\/wp-json\/wp\/v2\/pages\/14\/revisions"}],"predecessor-version":[{"id":289,"href":"https:\/\/royalvalley.ro\/index.php\/wp-json\/wp\/v2\/pages\/14\/revisions\/289"}],"wp:attachment":[{"href":"https:\/\/royalvalley.ro\/index.php\/wp-json\/wp\/v2\/media?parent=14"}],"curies":[{"name":"wp","href":"https:\/\/api.w.org\/{rel}","templated":true}]}}